{"id":54849,"date":"2018-01-17T14:26:10","date_gmt":"2018-01-17T16:26:10","guid":{"rendered":"https:\/\/crapa.org.br\/?page_id=54849"},"modified":"2019-02-07T09:42:03","modified_gmt":"2019-02-07T11:42:03","slug":"administracao-administrador","status":"publish","type":"page","link":"https:\/\/crapa.org.br\/?page_id=54849","title":{"rendered":"Administrador"},"content":{"rendered":"\t\t<div data-elementor-type=\"wp-post\" data-elementor-id=\"54849\" class=\"elementor elementor-54849 elementor-bc-flex-widget\">\n\t\t\t\t\t\t<div class=\"elementor-inner\">\n\t\t\t\t<div class=\"elementor-section-wrap\">\n\t\t\t\t\t\t\t\t\t<section class=\"elementor-section elementor-top-section elementor-element elementor-element-5fe2f90 elementor-section-boxed elementor-section-height-default elementor-section-height-default\" data-id=\"5fe2f90\" data-element_type=\"section\">\n\t\t\t\t\t\t<div class=\"elementor-container elementor-column-gap-default\">\n\t\t\t\t\t\t\t<div class=\"elementor-row\">\n\t\t\t\t\t<div class=\"elementor-column elementor-col-100 elementor-top-column elementor-element elementor-element-0a318d2\" data-id=\"0a318d2\" data-element_type=\"column\">\n\t\t\t<div class=\"elementor-column-wrap elementor-element-populated\">\n\t\t\t\t\t\t\t<div class=\"elementor-widget-wrap\">\n\t\t\t\t\t\t<div class=\"elementor-element elementor-element-ccbaa33 elementor-widget elementor-widget-spacer\" data-id=\"ccbaa33\" data-element_type=\"widget\" data-widget_type=\"spacer.default\">\n\t\t\t\t<div class=\"elementor-widget-container\">\n\t\t\t\t\t<div class=\"elementor-spacer\">\n\t\t\t<div class=\"elementor-spacer-inner\"><\/div>\n\t\t<\/div>\n\t\t\t\t<\/div>\n\t\t\t\t<\/div>\n\t\t\t\t\t\t<\/div>\n\t\t\t\t\t<\/div>\n\t\t<\/div>\n\t\t\t\t\t\t\t\t<\/div>\n\t\t\t\t\t<\/div>\n\t\t<\/section>\n\t\t\t\t<section class=\"elementor-section elementor-top-section elementor-element elementor-element-ad17e8e elementor-section-boxed elementor-section-height-default elementor-section-height-default\" data-id=\"ad17e8e\" data-element_type=\"section\">\n\t\t\t\t\t\t<div class=\"elementor-container elementor-column-gap-default\">\n\t\t\t\t\t\t\t<div class=\"elementor-row\">\n\t\t\t\t\t<div class=\"elementor-column elementor-col-100 elementor-top-column elementor-element elementor-element-e968aca\" data-id=\"e968aca\" data-element_type=\"column\">\n\t\t\t<div class=\"elementor-column-wrap elementor-element-populated\">\n\t\t\t\t\t\t\t<div class=\"elementor-widget-wrap\">\n\t\t\t\t\t\t<div class=\"elementor-element elementor-element-6e75c2e elementor-widget elementor-widget-text-editor\" data-id=\"6e75c2e\" data-element_type=\"widget\" data-widget_type=\"text-editor.default\">\n\t\t\t\t<div class=\"elementor-widget-container\">\n\t\t\t\t\t\t\t\t<div class=\"elementor-text-editor elementor-clearfix\">\n\t\t\t\t<p>Apresentamos o perfil do Administrador tomando como base os resultados da Pesquisa Nacional: Perfil, Forma\u00e7\u00e3o, Atua\u00e7\u00e3o e Oportunidades de Trabalho do Administrador 6\u00aa edi\u00e7\u00e3o quanto ao seu perfil, realizada no ano de 2015, destacando aspectos pessoais e aspectos da sua posi\u00e7\u00e3o diante do mercado de trabalho profissional.<\/p><p><strong>PERFIL DO ADMINISTRADOR \u2013 PESQUISA CFA &#8211; 2015<\/strong><\/p><p><strong>A MAIORIA<\/strong><\/p><ul><li>\u00c9 do sexo masculino, casado e com dependentes.<\/li><li>Tem idade entre 33 anos.<\/li><li>\u00c9 egresso de universidades particulares.<\/li><li>Concluiu o curso de Administra\u00e7\u00e3o entre 2006 e 2011.<\/li><li>Possui especializa\u00e7\u00e3o em alguma \u00e1rea da Administra\u00e7\u00e3o.<\/li><li>Trabalha em empresas de grande porte (servi\u00e7os e industria) e \u00f3rg\u00e3os p\u00fablicos.<\/li><li>Atua nas \u00e1reas de Administra\u00e7\u00e3o Geral e Finan\u00e7as e Recursos Humanos.<\/li><li>Possui carteira profissional assinada.<\/li><li>Ocupa cargos de ger\u00eancia ou de analista.<\/li><li>\u00c9 registrado em CRA.<\/li><\/ul><p><strong>G\u00caNERO<\/strong><\/p><p>O <strong>n\u00famero de Administradoras vinha crescendo continuamente<\/strong>. Em 1994, foi de 21%; em 1998, de 25%; em 2003, de 30%; em 2006, de 33% e em 2011, de 35%. <strong>Na pesquisa atual, de 2015, o n\u00famero foi de 34%, verificando-se uma estabiliza\u00e7\u00e3o.<\/strong><\/p><p>Em 21 anos,<strong> o percentual de Administradoras teve um crescimento em termos percentuais de 62%<\/strong> (34%, em 2015, contra 21%, em 1994).<\/p><p><strong>TEMPO DE FORMADO<\/strong><\/p><p>Em 2011, 43,06% dos Administradores participantes do trabalho havia se formado nos cinco anos anteriores \u00e0 pesquisa. <strong>Em 2015, 17,67% concluiu sua gradua\u00e7\u00e3o entre 2012 e 2015<\/strong>, podendo-se perceber que a redu\u00e7\u00e3o daquele percentual pode representar uma maior distribui\u00e7\u00e3o do contingente de novos Administradores.<\/p><p><strong>NATUREZA DAS IES<\/strong><\/p><p>As <strong>institui\u00e7\u00f5es de natureza privada<\/strong> prevalecem como formadoras dos Administradores (<strong>82,44%<\/strong>).<\/p><p><strong>IDIOMAS<\/strong><\/p><p>Embora 49,22% dos Administradores tenham informado n\u00e3o dominar nenhum idioma estrangeiro, <strong>42,59% disseram dominar o ingl\u00eas e 20,56% o espanhol.<\/strong><\/p><p><strong>EMPREGABILIDADE<\/strong><\/p><p><strong>O \u00edndice dos que declaram possuir carteira profissional assinada diminuiu<\/strong> comparativamente aos das pesquisas anteriores (78,48% em 2011 e <strong>75,14% em 2015<\/strong>).<\/p><p><strong>RENDA INDIVIDUAL<\/strong><\/p><p>Seguindo a mesma tend\u00eancia de 2011, <strong>a concentra\u00e7\u00e3o de respostas quanto \u00e0 renda individual mensal do Administrador (41,33%) encontra-se na faixa entre 3,1 e 10,0 sal\u00e1rios m\u00ednimos (SM).<\/strong><\/p><p>A <strong>renda m\u00e9dia aproximada do Administrador foi de 9,24 SM<\/strong>, calculado mediante os pontos m\u00e9dios e o n\u00famero de respondentes em cada uma das faixas, equivalente, em 2015, a R$ 7.281,12 (sete mil duzentos e oitenta e um reais e doze centavos).<\/p><p>Considerando o aumento real do SM no per\u00edodo, pode-se inferir que a varia\u00e7\u00e3o \u00e9 desprez\u00edvel. Com rela\u00e7\u00e3o \u00e0 faixa de mais de 30 SM, houve queda de 4,51% em 2011 para 3,35% em 2015.<\/p><p><strong>\u00c1REA FUNCIONAL<\/strong><\/p><p>As grandes \u00e1reas funcionais (<strong>Administra\u00e7\u00e3o Geral, Financeira, Vendas e Recursos Humanos) atingiram 46,16% do total de respondentes em 2015<\/strong>, sendo poss\u00edvel afirmar que permanecem as \u00e1reas mais demandadas da Administra\u00e7\u00e3o.<\/p><p>A Administra\u00e7\u00e3o Geral em 2015 manteve alto o \u00edndice de aloca\u00e7\u00e3o de Administradores, embora o seu percentual tenha sido reduzido considerando a pesquisa de 2011. Interessante verificar que a inclus\u00e3o de novas op\u00e7\u00f5es na pesquisa de 2015 mostrou que 8,98% dos pesquisados atuam em todas as \u00e1reas da empresa\/organiza\u00e7\u00e3o. Entre as novas op\u00e7\u00f5es destacam-se tamb\u00e9m Assessoria (4,23%) e Compras\/Suprimentos (3,07%).<\/p><p><strong>CARGOS OCUPADOS<\/strong><\/p><p>Os Administradores continuam sendo bem aceitos como <strong>Gerentes<\/strong>. O cargo de <strong>T\u00e9cnico<\/strong> sofreu uma pequena diminui\u00e7\u00e3o, passando de 7,22% para 5,92%. A ocupa\u00e7\u00e3o do cargo de <strong>Analista<\/strong> por Administradores variou de 18,78%, em 2011, para 18,26%, em 2015, indicando estabilidade.<\/p><p><strong>PARA MAIS DETALHES DOS RESULTADOS<\/strong><br \/><strong> DA PESQUISA ACESSE:<\/strong><\/p><p><span style=\"color: #000000;\">Pesquisa Perfil, Forma\u00e7\u00e3o, Atua\u00e7\u00e3o e Oportunidades de Trabalho do Administrador &#8211; 2015\u00a0<\/span><\/p>\t\t\t\t\t<\/div>\n\t\t\t\t\t\t<\/div>\n\t\t\t\t<\/div>\n\t\t\t\t\t\t<\/div>\n\t\t\t\t\t<\/div>\n\t\t<\/div>\n\t\t\t\t\t\t\t\t<\/div>\n\t\t\t\t\t<\/div>\n\t\t<\/section>\n\t\t\t\t<section class=\"elementor-section elementor-top-section elementor-element elementor-element-44dea08 elementor-section-boxed elementor-section-height-default elementor-section-height-default\" data-id=\"44dea08\" data-element_type=\"section\">\n\t\t\t\t\t\t<div class=\"elementor-container elementor-column-gap-default\">\n\t\t\t\t\t\t\t<div class=\"elementor-row\">\n\t\t\t\t\t<div class=\"elementor-column elementor-col-100 elementor-top-column elementor-element elementor-element-426375a\" data-id=\"426375a\" data-element_type=\"column\">\n\t\t\t<div class=\"elementor-column-wrap elementor-element-populated\">\n\t\t\t\t\t\t\t<div class=\"elementor-widget-wrap\">\n\t\t\t\t\t\t<div class=\"elementor-element elementor-element-5ddb02b elementor-widget elementor-widget-spacer\" data-id=\"5ddb02b\" data-element_type=\"widget\" data-widget_type=\"spacer.default\">\n\t\t\t\t<div class=\"elementor-widget-container\">\n\t\t\t\t\t<div class=\"elementor-spacer\">\n\t\t\t<div class=\"elementor-spacer-inner\"><\/div>\n\t\t<\/div>\n\t\t\t\t<\/div>\n\t\t\t\t<\/div>\n\t\t\t\t\t\t<\/div>\n\t\t\t\t\t<\/div>\n\t\t<\/div>\n\t\t\t\t\t\t\t\t<\/div>\n\t\t\t\t\t<\/div>\n\t\t<\/section>\n\t\t\t\t\t\t\t\t\t<\/div>\n\t\t\t<\/div>\n\t\t\t\t\t<\/div>\n\t\t","protected":false},"excerpt":{"rendered":"<p>Apresentamos o perfil do Administrador tomando como base os resultados da Pesquisa Nacional: Perfil, Forma\u00e7\u00e3o, Atua\u00e7\u00e3o e Oportunidades de Trabalho do Administrador 6\u00aa edi\u00e7\u00e3o quanto ao seu perfil, realizada no [&hellip;]<\/p>\n","protected":false},"author":25,"featured_media":0,"parent":54846,"menu_order":0,"comment_status":"closed","ping_status":"closed","template":"","meta":{"footnotes":"","_links_to":"","_links_to_target":""},"class_list":["post-54849","page","type-page","status-publish","hentry","entry"],"_links":{"self":[{"href":"https:\/\/crapa.org.br\/index.php?rest_route=\/wp\/v2\/pages\/54849","targetHints":{"allow":["GET"]}}],"collection":[{"href":"https:\/\/crapa.org.br\/index.php?rest_route=\/wp\/v2\/pages"}],"about":[{"href":"https:\/\/crapa.org.br\/index.php?rest_route=\/wp\/v2\/types\/page"}],"author":[{"embeddable":true,"href":"https:\/\/crapa.org.br\/index.php?rest_route=\/wp\/v2\/users\/25"}],"replies":[{"embeddable":true,"href":"https:\/\/crapa.org.br\/index.php?rest_route=%2Fwp%2Fv2%2Fcomments&post=54849"}],"version-history":[{"count":0,"href":"https:\/\/crapa.org.br\/index.php?rest_route=\/wp\/v2\/pages\/54849\/revisions"}],"up":[{"embeddable":true,"href":"https:\/\/crapa.org.br\/index.php?rest_route=\/wp\/v2\/pages\/54846"}],"wp:attachment":[{"href":"https:\/\/crapa.org.br\/index.php?rest_route=%2Fwp%2Fv2%2Fmedia&parent=54849"}],"curies":[{"name":"wp","href":"https:\/\/api.w.org\/{rel}","templated":true}]}}