{"id":54860,"date":"2018-01-17T14:38:51","date_gmt":"2018-01-17T16:38:51","guid":{"rendered":"https:\/\/crapa.org.br\/?page_id=54860"},"modified":"2025-07-01T15:40:00","modified_gmt":"2025-07-01T18:40:00","slug":"administracao-carreira","status":"publish","type":"page","link":"https:\/\/crapa.org.br\/?page_id=54860","title":{"rendered":"SUBSE\u00c7\u00c3O DE SANTAR\u00c9M"},"content":{"rendered":"\t\t<div data-elementor-type=\"wp-post\" data-elementor-id=\"54860\" class=\"elementor elementor-54860\">\n\t\t\t\t\t\t<div class=\"elementor-inner\">\n\t\t\t\t<div class=\"elementor-section-wrap\">\n\t\t\t\t\t\t\t\t\t<section class=\"elementor-section elementor-top-section elementor-element elementor-element-b299dfc elementor-section-boxed elementor-section-height-default elementor-section-height-default\" data-id=\"b299dfc\" data-element_type=\"section\">\n\t\t\t\t\t\t<div class=\"elementor-container elementor-column-gap-default\">\n\t\t\t\t\t\t\t<div class=\"elementor-row\">\n\t\t\t\t\t<div class=\"elementor-column elementor-col-100 elementor-top-column elementor-element elementor-element-0ac0a24\" data-id=\"0ac0a24\" data-element_type=\"column\">\n\t\t\t<div class=\"elementor-column-wrap elementor-element-populated\">\n\t\t\t\t\t\t\t<div class=\"elementor-widget-wrap\">\n\t\t\t\t\t\t<div class=\"elementor-element elementor-element-de690cc elementor-widget elementor-widget-spacer\" data-id=\"de690cc\" data-element_type=\"widget\" data-widget_type=\"spacer.default\">\n\t\t\t\t<div class=\"elementor-widget-container\">\n\t\t\t\t\t<div class=\"elementor-spacer\">\n\t\t\t<div class=\"elementor-spacer-inner\"><\/div>\n\t\t<\/div>\n\t\t\t\t<\/div>\n\t\t\t\t<\/div>\n\t\t\t\t\t\t<\/div>\n\t\t\t\t\t<\/div>\n\t\t<\/div>\n\t\t\t\t\t\t\t\t<\/div>\n\t\t\t\t\t<\/div>\n\t\t<\/section>\n\t\t\t\t<section class=\"elementor-section elementor-top-section elementor-element elementor-element-0920bd7 elementor-section-boxed elementor-section-height-default elementor-section-height-default\" data-id=\"0920bd7\" data-element_type=\"section\">\n\t\t\t\t\t\t<div class=\"elementor-container elementor-column-gap-default\">\n\t\t\t\t\t\t\t<div class=\"elementor-row\">\n\t\t\t\t\t<div class=\"elementor-column elementor-col-100 elementor-top-column elementor-element elementor-element-e4db7c7\" data-id=\"e4db7c7\" data-element_type=\"column\">\n\t\t\t<div class=\"elementor-column-wrap elementor-element-populated\">\n\t\t\t\t\t\t\t<div class=\"elementor-widget-wrap\">\n\t\t\t\t\t\t<div class=\"elementor-element elementor-element-35dc504 elementor-widget elementor-widget-heading\" data-id=\"35dc504\" data-element_type=\"widget\" data-widget_type=\"heading.default\">\n\t\t\t\t<div class=\"elementor-widget-container\">\n\t\t\t<h1 class=\"elementor-heading-title elementor-size-default\">SUBSE\u00c7\u00c3O SANTAR\u00c9M<\/h1>\t\t<\/div>\n\t\t\t\t<\/div>\n\t\t\t\t\t\t<\/div>\n\t\t\t\t\t<\/div>\n\t\t<\/div>\n\t\t\t\t\t\t\t\t<\/div>\n\t\t\t\t\t<\/div>\n\t\t<\/section>\n\t\t\t\t<section class=\"elementor-section elementor-top-section elementor-element elementor-element-6ee8f16 elementor-section-boxed elementor-section-height-default elementor-section-height-default\" data-id=\"6ee8f16\" data-element_type=\"section\">\n\t\t\t\t\t\t<div class=\"elementor-container elementor-column-gap-default\">\n\t\t\t\t\t\t\t<div class=\"elementor-row\">\n\t\t\t\t\t<div class=\"elementor-column elementor-col-100 elementor-top-column elementor-element elementor-element-3cb2aea\" data-id=\"3cb2aea\" data-element_type=\"column\">\n\t\t\t<div class=\"elementor-column-wrap elementor-element-populated\">\n\t\t\t\t\t\t\t<div class=\"elementor-widget-wrap\">\n\t\t\t\t\t\t<div class=\"elementor-element elementor-element-8ddae92 elementor-widget elementor-widget-text-editor\" data-id=\"8ddae92\" data-element_type=\"widget\" data-widget_type=\"text-editor.default\">\n\t\t\t\t<div class=\"elementor-widget-container\">\n\t\t\t\t\t\t\t\t<div class=\"elementor-text-editor elementor-clearfix\">\n\t\t\t\t<h3 data-bind=\"text: Titulo\"><span style=\"color: #000000;\">SUBSE\u00c7\u00c3O DO CRA-PA EM SANTAR\u00c9M<\/span><\/h3><div data-bind=\"html: Texto\"><p><span style=\"color: #000000;\">REPRESENTANTE: Adm. <strong>Wladimir Ant\u00f4nio Soares de Melo<\/strong> &#8211; Reg. CRA-PA n\u00ba 06076<\/span><br \/><span style=\"color: #000000;\">ENDERE\u00c7O: \u00a0Pra\u00e7a da Bandeira, n\u00ba 565, Sala B, Bairro Centro (Pr\u00e9dio da Associa\u00e7\u00e3o Comercial e Empresarial de Santar\u00e9m)<\/span><br \/><span style=\"color: #000000;\">E-MAIL: crasantarem@crapa.org.br<\/span><br \/><span style=\"color: #000000;\">FONE CELULAR\/WHATSAPP: (93) 99198-1056<\/span><br \/><span style=\"color: #000000;\">HOR\u00c1RIO DE FUNCIONAMENTO: das 09h \u00e0s 11h30 e de 14h \u00e0s 17h30.<br \/><\/span><\/p><p><span style=\"color: #000000;\"><a style=\"color: #000000;\" href=\"https:\/\/cra-pa.implanta.net.br\/PortalTransparencia\/Publico\/ArquivosAnexos\/Download?idArquivoAnexo=8e5c4f1e-caf8-4819-ba0a-bb15655fc07d\" target=\"_blank\" rel=\"noopener\"><strong><span style=\"color: #003366;\">\u00a0<\/span><\/strong><\/a><\/span><\/p><p>3<\/p><\/div>\t\t\t\t\t<\/div>\n\t\t\t\t\t\t<\/div>\n\t\t\t\t<\/div>\n\t\t\t\t\t\t<\/div>\n\t\t\t\t\t<\/div>\n\t\t<\/div>\n\t\t\t\t\t\t\t\t<\/div>\n\t\t\t\t\t<\/div>\n\t\t<\/section>\n\t\t\t\t<section class=\"elementor-section elementor-top-section elementor-element elementor-element-b6b15f3 elementor-section-boxed elementor-section-height-default elementor-section-height-default\" data-id=\"b6b15f3\" data-element_type=\"section\">\n\t\t\t\t\t\t<div class=\"elementor-container elementor-column-gap-default\">\n\t\t\t\t\t\t\t<div class=\"elementor-row\">\n\t\t\t\t\t<div class=\"elementor-column elementor-col-100 elementor-top-column elementor-element elementor-element-9f36604\" data-id=\"9f36604\" data-element_type=\"column\">\n\t\t\t<div class=\"elementor-column-wrap elementor-element-populated\">\n\t\t\t\t\t\t\t<div class=\"elementor-widget-wrap\">\n\t\t\t\t\t\t<div class=\"elementor-element elementor-element-0bc7124 elementor-widget elementor-widget-spacer\" data-id=\"0bc7124\" data-element_type=\"widget\" data-widget_type=\"spacer.default\">\n\t\t\t\t<div class=\"elementor-widget-container\">\n\t\t\t\t\t<div class=\"elementor-spacer\">\n\t\t\t<div class=\"elementor-spacer-inner\"><\/div>\n\t\t<\/div>\n\t\t\t\t<\/div>\n\t\t\t\t<\/div>\n\t\t\t\t\t\t<\/div>\n\t\t\t\t\t<\/div>\n\t\t<\/div>\n\t\t\t\t\t\t\t\t<\/div>\n\t\t\t\t\t<\/div>\n\t\t<\/section>\n\t\t\t\t\t\t\t\t\t<\/div>\n\t\t\t<\/div>\n\t\t\t\t\t<\/div>\n\t\t","protected":false},"excerpt":{"rendered":"","protected":false},"author":25,"featured_media":0,"parent":54846,"menu_order":0,"comment_status":"closed","ping_status":"closed","template":"","meta":{"footnotes":"","_links_to":"","_links_to_target":""},"class_list":["post-54860","page","type-page","status-publish","hentry","entry"],"_links":{"self":[{"href":"https:\/\/crapa.org.br\/index.php?rest_route=\/wp\/v2\/pages\/54860","targetHints":{"allow":["GET"]}}],"collection":[{"href":"https:\/\/crapa.org.br\/index.php?rest_route=\/wp\/v2\/pages"}],"about":[{"href":"https:\/\/crapa.org.br\/index.php?rest_route=\/wp\/v2\/types\/page"}],"author":[{"embeddable":true,"href":"https:\/\/crapa.org.br\/index.php?rest_route=\/wp\/v2\/users\/25"}],"replies":[{"embeddable":true,"href":"https:\/\/crapa.org.br\/index.php?rest_route=%2Fwp%2Fv2%2Fcomments&post=54860"}],"version-history":[{"count":4,"href":"https:\/\/crapa.org.br\/index.php?rest_route=\/wp\/v2\/pages\/54860\/revisions"}],"predecessor-version":[{"id":69197,"href":"https:\/\/crapa.org.br\/index.php?rest_route=\/wp\/v2\/pages\/54860\/revisions\/69197"}],"up":[{"embeddable":true,"href":"https:\/\/crapa.org.br\/index.php?rest_route=\/wp\/v2\/pages\/54846"}],"wp:attachment":[{"href":"https:\/\/crapa.org.br\/index.php?rest_route=%2Fwp%2Fv2%2Fmedia&parent=54860"}],"curies":[{"name":"wp","href":"https:\/\/api.w.org\/{rel}","templated":true}]}}