{"id":54880,"date":"2018-01-17T16:24:37","date_gmt":"2018-01-17T18:24:37","guid":{"rendered":"https:\/\/crapa.org.br\/?page_id=54880"},"modified":"2026-01-05T14:48:52","modified_gmt":"2026-01-05T17:48:52","slug":"fiscalizacao-registro-de-empresas","status":"publish","type":"page","link":"https:\/\/crapa.org.br\/?page_id=54880","title":{"rendered":"Registro de empresas"},"content":{"rendered":"\t\t<div data-elementor-type=\"wp-post\" data-elementor-id=\"54880\" class=\"elementor elementor-54880\">\n\t\t\t\t\t\t<div class=\"elementor-inner\">\n\t\t\t\t<div class=\"elementor-section-wrap\">\n\t\t\t\t\t\t\t\t\t<section class=\"elementor-section elementor-top-section elementor-element elementor-element-4ac374c elementor-section-boxed elementor-section-height-default elementor-section-height-default\" data-id=\"4ac374c\" data-element_type=\"section\">\n\t\t\t\t\t\t<div class=\"elementor-container elementor-column-gap-default\">\n\t\t\t\t\t\t\t<div class=\"elementor-row\">\n\t\t\t\t\t<div class=\"elementor-column elementor-col-100 elementor-top-column elementor-element elementor-element-e38af0d\" data-id=\"e38af0d\" data-element_type=\"column\">\n\t\t\t<div class=\"elementor-column-wrap elementor-element-populated\">\n\t\t\t\t\t\t\t<div class=\"elementor-widget-wrap\">\n\t\t\t\t\t\t<div class=\"elementor-element elementor-element-faf9b0a elementor-widget elementor-widget-spacer\" data-id=\"faf9b0a\" data-element_type=\"widget\" data-widget_type=\"spacer.default\">\n\t\t\t\t<div class=\"elementor-widget-container\">\n\t\t\t\t\t<div class=\"elementor-spacer\">\n\t\t\t<div class=\"elementor-spacer-inner\"><\/div>\n\t\t<\/div>\n\t\t\t\t<\/div>\n\t\t\t\t<\/div>\n\t\t\t\t\t\t<\/div>\n\t\t\t\t\t<\/div>\n\t\t<\/div>\n\t\t\t\t\t\t\t\t<\/div>\n\t\t\t\t\t<\/div>\n\t\t<\/section>\n\t\t\t\t<section class=\"elementor-section elementor-top-section elementor-element elementor-element-9c3bc0b elementor-section-boxed elementor-section-height-default elementor-section-height-default\" data-id=\"9c3bc0b\" data-element_type=\"section\">\n\t\t\t\t\t\t<div class=\"elementor-container elementor-column-gap-default\">\n\t\t\t\t\t\t\t<div class=\"elementor-row\">\n\t\t\t\t\t<div class=\"elementor-column elementor-col-100 elementor-top-column elementor-element elementor-element-dc0e80f\" data-id=\"dc0e80f\" data-element_type=\"column\">\n\t\t\t<div class=\"elementor-column-wrap elementor-element-populated\">\n\t\t\t\t\t\t\t<div class=\"elementor-widget-wrap\">\n\t\t\t\t\t\t<div class=\"elementor-element elementor-element-bd77f17 elementor-widget__width-initial elementor-widget elementor-widget-text-editor\" data-id=\"bd77f17\" data-element_type=\"widget\" data-widget_type=\"text-editor.default\">\n\t\t\t\t<div class=\"elementor-widget-container\">\n\t\t\t\t\t\t\t\t<div class=\"elementor-text-editor elementor-clearfix\">\n\t\t\t\t<p><span style=\"color: #000000;\"><strong>RESOLU\u00c7\u00c3O NORMATIVA CFA N\u00ba 677, DE 12 DE NOVEMBRO DE 2025<\/strong><\/span><\/p>\n<p><span style=\"color: #000000;\">Disp\u00f5e sobre os valores das anuidades, taxas e multas devidas aos Conselhos Regionais de Administra\u00e7\u00e3o e d\u00e1 outras provid\u00eancias.<\/span><\/p>\n<p><span style=\"color: #000000;\"><a href=\"https:\/\/documentos.cfa.org.br\/?c=documento&amp;a=show&amp;id=1055\" target=\"_blank\" rel=\"noopener\"><span style=\"color: #003366;\"><strong>Clique aqui<\/strong><\/span><\/a> e acesse a RN N\u00ba 677\/2025.<\/span><\/p>\t\t\t\t\t<\/div>\n\t\t\t\t\t\t<\/div>\n\t\t\t\t<\/div>\n\t\t\t\t\t\t<\/div>\n\t\t\t\t\t<\/div>\n\t\t<\/div>\n\t\t\t\t\t\t\t\t<\/div>\n\t\t\t\t\t<\/div>\n\t\t<\/section>\n\t\t\t\t<section class=\"elementor-section elementor-top-section elementor-element elementor-element-4c760ff elementor-section-boxed elementor-section-height-default elementor-section-height-default\" data-id=\"4c760ff\" data-element_type=\"section\">\n\t\t\t\t\t\t<div class=\"elementor-container elementor-column-gap-default\">\n\t\t\t\t\t\t\t<div class=\"elementor-row\">\n\t\t\t\t\t<div class=\"elementor-column elementor-col-100 elementor-top-column elementor-element elementor-element-71d21ce\" data-id=\"71d21ce\" data-element_type=\"column\">\n\t\t\t<div class=\"elementor-column-wrap elementor-element-populated\">\n\t\t\t\t\t\t\t<div class=\"elementor-widget-wrap\">\n\t\t\t\t\t\t<div class=\"elementor-element elementor-element-73e5949 elementor-widget elementor-widget-spacer\" data-id=\"73e5949\" data-element_type=\"widget\" data-widget_type=\"spacer.default\">\n\t\t\t\t<div class=\"elementor-widget-container\">\n\t\t\t\t\t<div class=\"elementor-spacer\">\n\t\t\t<div class=\"elementor-spacer-inner\"><\/div>\n\t\t<\/div>\n\t\t\t\t<\/div>\n\t\t\t\t<\/div>\n\t\t\t\t\t\t<\/div>\n\t\t\t\t\t<\/div>\n\t\t<\/div>\n\t\t\t\t\t\t\t\t<\/div>\n\t\t\t\t\t<\/div>\n\t\t<\/section>\n\t\t\t\t\t\t\t\t\t<\/div>\n\t\t\t<\/div>\n\t\t\t\t\t<\/div>\n\t\t","protected":false},"excerpt":{"rendered":"<p>RESOLU\u00c7\u00c3O NORMATIVA CFA N\u00ba 677, DE 12 DE NOVEMBRO DE 2025 Disp\u00f5e sobre os valores das anuidades, taxas e multas devidas aos Conselhos Regionais de Administra\u00e7\u00e3o e d\u00e1 outras provid\u00eancias. [&hellip;]<\/p>\n","protected":false},"author":25,"featured_media":0,"parent":54876,"menu_order":0,"comment_status":"closed","ping_status":"closed","template":"","meta":{"footnotes":"","_links_to":"","_links_to_target":""},"class_list":["post-54880","page","type-page","status-publish","hentry","entry"],"_links":{"self":[{"href":"https:\/\/crapa.org.br\/index.php?rest_route=\/wp\/v2\/pages\/54880","targetHints":{"allow":["GET"]}}],"collection":[{"href":"https:\/\/crapa.org.br\/index.php?rest_route=\/wp\/v2\/pages"}],"about":[{"href":"https:\/\/crapa.org.br\/index.php?rest_route=\/wp\/v2\/types\/page"}],"author":[{"embeddable":true,"href":"https:\/\/crapa.org.br\/index.php?rest_route=\/wp\/v2\/users\/25"}],"replies":[{"embeddable":true,"href":"https:\/\/crapa.org.br\/index.php?rest_route=%2Fwp%2Fv2%2Fcomments&post=54880"}],"version-history":[{"count":6,"href":"https:\/\/crapa.org.br\/index.php?rest_route=\/wp\/v2\/pages\/54880\/revisions"}],"predecessor-version":[{"id":69546,"href":"https:\/\/crapa.org.br\/index.php?rest_route=\/wp\/v2\/pages\/54880\/revisions\/69546"}],"up":[{"embeddable":true,"href":"https:\/\/crapa.org.br\/index.php?rest_route=\/wp\/v2\/pages\/54876"}],"wp:attachment":[{"href":"https:\/\/crapa.org.br\/index.php?rest_route=%2Fwp%2Fv2%2Fmedia&parent=54880"}],"curies":[{"name":"wp","href":"https:\/\/api.w.org\/{rel}","templated":true}]}}