{"id":57306,"date":"2018-03-08T10:39:33","date_gmt":"2018-03-08T13:39:33","guid":{"rendered":"https:\/\/crapa.org.br\/?page_id=57306"},"modified":"2019-02-06T17:20:17","modified_gmt":"2019-02-06T19:20:17","slug":"sistema-cfacras","status":"publish","type":"page","link":"https:\/\/crapa.org.br\/?page_id=57306","title":{"rendered":"Sistema CFA\/CRAs"},"content":{"rendered":"\t\t<div data-elementor-type=\"wp-post\" data-elementor-id=\"57306\" class=\"elementor elementor-57306 elementor-bc-flex-widget\">\n\t\t\t\t\t\t<div class=\"elementor-inner\">\n\t\t\t\t<div class=\"elementor-section-wrap\">\n\t\t\t\t\t\t\t\t\t<section class=\"elementor-section elementor-top-section elementor-element elementor-element-8ebc17b elementor-section-boxed elementor-section-height-default elementor-section-height-default\" data-id=\"8ebc17b\" data-element_type=\"section\">\n\t\t\t\t\t\t<div class=\"elementor-container elementor-column-gap-default\">\n\t\t\t\t\t\t\t<div class=\"elementor-row\">\n\t\t\t\t\t<div class=\"elementor-column elementor-col-100 elementor-top-column elementor-element elementor-element-1d9cd56\" data-id=\"1d9cd56\" data-element_type=\"column\">\n\t\t\t<div class=\"elementor-column-wrap elementor-element-populated\">\n\t\t\t\t\t\t\t<div class=\"elementor-widget-wrap\">\n\t\t\t\t\t\t<div class=\"elementor-element elementor-element-ec96d0f elementor-widget elementor-widget-spacer\" data-id=\"ec96d0f\" data-element_type=\"widget\" data-widget_type=\"spacer.default\">\n\t\t\t\t<div class=\"elementor-widget-container\">\n\t\t\t\t\t<div class=\"elementor-spacer\">\n\t\t\t<div class=\"elementor-spacer-inner\"><\/div>\n\t\t<\/div>\n\t\t\t\t<\/div>\n\t\t\t\t<\/div>\n\t\t\t\t\t\t<\/div>\n\t\t\t\t\t<\/div>\n\t\t<\/div>\n\t\t\t\t\t\t\t\t<\/div>\n\t\t\t\t\t<\/div>\n\t\t<\/section>\n\t\t\t\t<section class=\"elementor-section elementor-top-section elementor-element elementor-element-8ea606e elementor-section-boxed elementor-section-height-default elementor-section-height-default\" data-id=\"8ea606e\" data-element_type=\"section\">\n\t\t\t\t\t\t<div class=\"elementor-container elementor-column-gap-default\">\n\t\t\t\t\t\t\t<div class=\"elementor-row\">\n\t\t\t\t\t<div class=\"elementor-column elementor-col-100 elementor-top-column elementor-element elementor-element-82783b0\" data-id=\"82783b0\" data-element_type=\"column\">\n\t\t\t<div class=\"elementor-column-wrap elementor-element-populated\">\n\t\t\t\t\t\t\t<div class=\"elementor-widget-wrap\">\n\t\t\t\t\t\t<div class=\"elementor-element elementor-element-64df4ed elementor-widget elementor-widget-text-editor\" data-id=\"64df4ed\" data-element_type=\"widget\" data-widget_type=\"text-editor.default\">\n\t\t\t\t<div class=\"elementor-widget-container\">\n\t\t\t\t\t\t\t\t<div class=\"elementor-text-editor elementor-clearfix\">\n\t\t\t\t<p>O Sistema CFA\/CRAs \u00e9 uma entidade p\u00fablica consultiva, orientadora, disciplinadora e fiscalizadora do exerc\u00edcio da profiss\u00e3o de Administrador e Tecn\u00f3logo em determinada \u00e1rea da Administra\u00e7\u00e3o. Desenvolve tamb\u00e9m o trabalho de apoiar, auxiliar e defender os direitos dos profissionais.<\/p><p><b>O Conselho Federal de Administra\u00e7\u00e3o possui as seguintes finalidades:<\/b><\/p><p>a) Formular diretrizes que dever\u00e3o ser executadas pelos Conselho Regionais de Administra\u00e7\u00e3o;<\/p><p>b) Direcionar a Fiscaliza\u00e7\u00e3o do exerc\u00edcio da profiss\u00e3o de Administrador;<\/p><p>c) Organizar e manter o registro de Administrador junto aos CRAs;<\/p><p>d) Julgar as infra\u00e7\u00f5es e impor as penalidades referidas na Lei n\u00ba 4769;<\/p><p><b>O Conselho Regional de Administra\u00e7\u00e3o possui as seguintes finalidades:<\/b><\/p><p>a) dar execu\u00e7\u00e3o \u00e0s diretrizes formuladas pelo Conselho Federal de Administra\u00e7\u00e3o;<\/p><p>b) fiscalizar, na \u00e1rea da respectiva jurisdi\u00e7\u00e3o, o exerc\u00edcio da profiss\u00e3o de Administrador;<\/p><p>c) organizar e manter o registro de Administrador;<\/p><p>d) julgar as infra\u00e7\u00f5es e impor as penalidades referidas na Lei n\u00ba 4769;<\/p><p>e) expedir as carteiras profissionais dos Administradores.<\/p>\t\t\t\t\t<\/div>\n\t\t\t\t\t\t<\/div>\n\t\t\t\t<\/div>\n\t\t\t\t\t\t<\/div>\n\t\t\t\t\t<\/div>\n\t\t<\/div>\n\t\t\t\t\t\t\t\t<\/div>\n\t\t\t\t\t<\/div>\n\t\t<\/section>\n\t\t\t\t<section class=\"elementor-section elementor-top-section elementor-element elementor-element-deca8af elementor-section-boxed elementor-section-height-default elementor-section-height-default\" data-id=\"deca8af\" data-element_type=\"section\">\n\t\t\t\t\t\t<div class=\"elementor-container elementor-column-gap-default\">\n\t\t\t\t\t\t\t<div class=\"elementor-row\">\n\t\t\t\t\t<div class=\"elementor-column elementor-col-100 elementor-top-column elementor-element elementor-element-cd6e2cb\" data-id=\"cd6e2cb\" data-element_type=\"column\">\n\t\t\t<div class=\"elementor-column-wrap elementor-element-populated\">\n\t\t\t\t\t\t\t<div class=\"elementor-widget-wrap\">\n\t\t\t\t\t\t<div class=\"elementor-element elementor-element-f242a7c elementor-widget elementor-widget-spacer\" data-id=\"f242a7c\" data-element_type=\"widget\" data-widget_type=\"spacer.default\">\n\t\t\t\t<div class=\"elementor-widget-container\">\n\t\t\t\t\t<div class=\"elementor-spacer\">\n\t\t\t<div class=\"elementor-spacer-inner\"><\/div>\n\t\t<\/div>\n\t\t\t\t<\/div>\n\t\t\t\t<\/div>\n\t\t\t\t\t\t<\/div>\n\t\t\t\t\t<\/div>\n\t\t<\/div>\n\t\t\t\t\t\t\t\t<\/div>\n\t\t\t\t\t<\/div>\n\t\t<\/section>\n\t\t\t\t\t\t\t\t\t<\/div>\n\t\t\t<\/div>\n\t\t\t\t\t<\/div>\n\t\t","protected":false},"excerpt":{"rendered":"<p>O Sistema CFA\/CRAs \u00e9 uma entidade p\u00fablica consultiva, orientadora, disciplinadora e fiscalizadora do exerc\u00edcio da profiss\u00e3o de Administrador e Tecn\u00f3logo em determinada \u00e1rea da Administra\u00e7\u00e3o. Desenvolve tamb\u00e9m o trabalho de [&hellip;]<\/p>\n","protected":false},"author":25,"featured_media":0,"parent":57820,"menu_order":0,"comment_status":"closed","ping_status":"closed","template":"","meta":{"footnotes":"","_links_to":"","_links_to_target":""},"class_list":["post-57306","page","type-page","status-publish","hentry","entry"],"_links":{"self":[{"href":"https:\/\/crapa.org.br\/index.php?rest_route=\/wp\/v2\/pages\/57306","targetHints":{"allow":["GET"]}}],"collection":[{"href":"https:\/\/crapa.org.br\/index.php?rest_route=\/wp\/v2\/pages"}],"about":[{"href":"https:\/\/crapa.org.br\/index.php?rest_route=\/wp\/v2\/types\/page"}],"author":[{"embeddable":true,"href":"https:\/\/crapa.org.br\/index.php?rest_route=\/wp\/v2\/users\/25"}],"replies":[{"embeddable":true,"href":"https:\/\/crapa.org.br\/index.php?rest_route=%2Fwp%2Fv2%2Fcomments&post=57306"}],"version-history":[{"count":0,"href":"https:\/\/crapa.org.br\/index.php?rest_route=\/wp\/v2\/pages\/57306\/revisions"}],"up":[{"embeddable":true,"href":"https:\/\/crapa.org.br\/index.php?rest_route=\/wp\/v2\/pages\/57820"}],"wp:attachment":[{"href":"https:\/\/crapa.org.br\/index.php?rest_route=%2Fwp%2Fv2%2Fmedia&parent=57306"}],"curies":[{"name":"wp","href":"https:\/\/api.w.org\/{rel}","templated":true}]}}