{"id":62427,"date":"2019-04-09T16:25:00","date_gmt":"2019-04-09T19:25:00","guid":{"rendered":"https:\/\/crapa.org.br\/?page_id=62427"},"modified":"2026-01-05T14:37:23","modified_gmt":"2026-01-05T17:37:23","slug":"valores-de-multas","status":"publish","type":"page","link":"https:\/\/crapa.org.br\/?page_id=62427","title":{"rendered":"Valores de Multas"},"content":{"rendered":"\t\t<div data-elementor-type=\"wp-post\" data-elementor-id=\"62427\" class=\"elementor elementor-62427\">\n\t\t\t\t\t\t<div class=\"elementor-inner\">\n\t\t\t\t<div class=\"elementor-section-wrap\">\n\t\t\t\t\t\t\t\t\t<section class=\"elementor-section elementor-top-section elementor-element elementor-element-6224cd8 elementor-section-boxed elementor-section-height-default elementor-section-height-default\" data-id=\"6224cd8\" data-element_type=\"section\">\n\t\t\t\t\t\t<div class=\"elementor-container elementor-column-gap-default\">\n\t\t\t\t\t\t\t<div class=\"elementor-row\">\n\t\t\t\t\t<div class=\"elementor-column elementor-col-100 elementor-top-column elementor-element elementor-element-fda08b9\" data-id=\"fda08b9\" data-element_type=\"column\">\n\t\t\t<div class=\"elementor-column-wrap elementor-element-populated\">\n\t\t\t\t\t\t\t<div class=\"elementor-widget-wrap\">\n\t\t\t\t\t\t<div class=\"elementor-element elementor-element-ee91620 elementor-widget elementor-widget-heading\" data-id=\"ee91620\" data-element_type=\"widget\" data-widget_type=\"heading.default\">\n\t\t\t\t<div class=\"elementor-widget-container\">\n\t\t\t<h2 class=\"elementor-heading-title elementor-size-default\"><h2 class=\"elementor-heading-title elementor-size-default elementor-inline-editing pen\" data-elementor-setting-key=\"title\" data-pen-placeholder=\"Digite aqui...\" style=\"font-variant-ligatures: normal; font-variant-caps: normal; font-style: normal;\">VALORES DE MULTAS<\/h2><\/h2>\t\t<\/div>\n\t\t\t\t<\/div>\n\t\t\t\t<div class=\"elementor-element elementor-element-88ce9c2 elementor-widget elementor-widget-text-editor\" data-id=\"88ce9c2\" data-element_type=\"widget\" data-widget_type=\"text-editor.default\">\n\t\t\t\t<div class=\"elementor-widget-container\">\n\t\t\t\t\t\t\t\t<div class=\"elementor-text-editor elementor-clearfix\">\n\t\t\t\t<p><span style=\"color: #000000;\"><strong>RESOLU\u00c7\u00c3O NORMATIVA CFA N\u00ba 677\/2025.<\/strong><\/span><\/p><p><span style=\"color: #000000;\">Disp\u00f5e sobre os valores das anuidades, taxas e multas devidas aos Conselhos Regionais de Administra\u00e7\u00e3o e d\u00e1 outras provid\u00eancias.<\/span><\/p><table border=\"1\"><tbody><tr><td><p style=\"font-family: 'Times New Roman'; font-size: medium; text-indent: 70.9pt; text-align: justify; margin: 8px 8px 8px 200px;\"><span style=\"font-size: 12pt; color: #000000;\"><span style=\"line-height: normal;\"><span style=\"font-family: Arial, sans-serif;\"><strong><span style=\"font-size: 11pt;\"><span style=\"font-family: Calibri, sans-serif;\">Multas:<\/span><\/span><\/strong><\/span><\/span><\/span><\/p><table style=\"font-family: 'Times New Roman'; font-size: medium; border-collapse: collapse; margin-left: auto; margin-right: auto; width: 681.818px;\" border=\"1\" cellpadding=\"0\"><tbody><tr><td style=\"padding: 0cm; width: 615px;\"><p class=\"Texto_Alinhado_Esquerda\" style=\"font-size: 12pt; font-family: Calibri; overflow-wrap: normal; margin: 8px;\"><span style=\"font-size: 12pt; color: #000000;\"><span style=\"overflow-wrap: normal;\"><strong>Multas<\/strong><\/span><\/span><\/p><\/td><td style=\"padding: 0cm; width: 63px;\"><p class=\"Texto_Alinhado_Esquerda\" style=\"font-size: 12pt; font-family: Calibri; overflow-wrap: normal; margin: 8px;\"><span style=\"font-size: 12pt; color: #000000;\"><span style=\"overflow-wrap: normal;\"><strong>R$<\/strong><\/span><\/span><\/p><\/td><\/tr><tr><td style=\"padding: 0cm; width: 615px;\" colspan=\"2\"><p class=\"Texto_Alinhado_Esquerda\" style=\"font-size: 12pt; font-family: Calibri; overflow-wrap: normal; margin: 8px;\"><span style=\"font-size: 12pt; color: #000000;\">a) Falta de registro de Pessoa Jur\u00eddica no CRA, de acordo com as seguintes classes de capital social<\/span><\/p><\/td><\/tr><tr><td style=\"padding: 0cm; width: 615px;\"><p class=\"Texto_Alinhado_Esquerda\" style=\"font-size: 12pt; font-family: Calibri; overflow-wrap: normal; margin: 8px;\"><span style=\"font-size: 12pt; color: #000000;\">a.1) At\u00e9 R$ 50.000,00<\/span><\/p><\/td><td style=\"padding: 0cm; width: 63px;\"><p class=\"Texto_Alinhado_Direita\" style=\"font-size: 12pt; font-family: Calibri; text-align: right; overflow-wrap: normal; margin: 8px;\"><span style=\"font-size: 12pt; color: #000000;\">851,41<\/span><\/p><\/td><\/tr><tr><td style=\"padding: 0cm; width: 615px;\"><p class=\"Texto_Alinhado_Esquerda\" style=\"font-size: 12pt; font-family: Calibri; overflow-wrap: normal; margin: 8px;\"><span style=\"font-size: 12pt; color: #000000;\">a.2) De R$ 50.000,01 a R$ 200.000,00<\/span><\/p><\/td><td style=\"padding: 0cm; width: 63px;\"><p class=\"Tabela_Texto_Alinhado_Direita\" style=\"font-size: 11pt; font-family: Calibri; text-align: right; overflow-wrap: normal; margin: 0px 4px;\"><span style=\"font-size: 11pt; color: #000000;\">1.175,90<\/span><\/p><\/td><\/tr><tr><td style=\"padding: 0cm; width: 615px;\"><p class=\"Texto_Justificado\" style=\"font-size: 12pt; font-family: Calibri; text-align: justify; overflow-wrap: normal; margin: 8px;\"><span style=\"font-size: 12pt; color: #000000;\">a.3) De R$ 200.000,01 a R$ 500.000,00<\/span><\/p><\/td><td style=\"padding: 0cm; width: 63px;\"><p class=\"Tabela_Texto_Alinhado_Direita\" style=\"font-size: 11pt; font-family: Calibri; text-align: right; overflow-wrap: normal; margin: 0px 4px;\"><span style=\"font-size: 11pt; color: #000000;\">1.625,58<\/span><\/p><\/td><\/tr><tr><td style=\"padding: 0cm; width: 615px;\"><p class=\"Texto_Justificado\" style=\"font-size: 12pt; font-family: Calibri; text-align: justify; overflow-wrap: normal; margin: 8px;\"><span style=\"font-size: 12pt; color: #000000;\">a.4) De 500.000,01 a R$ 1.000.000,00<\/span><\/p><\/td><td style=\"padding: 0cm; width: 63px;\"><p class=\"Tabela_Texto_Alinhado_Direita\" style=\"font-size: 11pt; font-family: Calibri; text-align: right; overflow-wrap: normal; margin: 0px 4px;\"><span style=\"font-size: 11pt; color: #000000;\">2.252,95<\/span><\/p><\/td><\/tr><tr><td style=\"padding: 0cm; width: 615px;\"><p class=\"Texto_Alinhado_Esquerda\" style=\"font-size: 12pt; font-family: Calibri; overflow-wrap: normal; margin: 8px;\"><span style=\"font-size: 12pt; color: #000000;\">a.5) De R$ 1.000.000,01 a R$ 2.000.000,00<\/span><\/p><\/td><td style=\"padding: 0cm; width: 63px;\"><p class=\"Tabela_Texto_Alinhado_Direita\" style=\"font-size: 11pt; font-family: Calibri; text-align: right; overflow-wrap: normal; margin: 0px 4px;\"><span style=\"font-size: 11pt; color: #000000;\">3.113,65<\/span><\/p><\/td><\/tr><tr><td style=\"padding: 0cm; width: 615px;\"><p class=\"Texto_Justificado\" style=\"font-size: 12pt; font-family: Calibri; text-align: justify; overflow-wrap: normal; margin: 8px;\"><span style=\"font-size: 12pt; color: #000000;\">a.6) De R$ 2.000.000,01 a R$ 10.000.000,00<\/span><\/p><\/td><td style=\"padding: 0cm; width: 63px;\"><p class=\"Tabela_Texto_Alinhado_Direita\" style=\"font-size: 11pt; font-family: Calibri; text-align: right; overflow-wrap: normal; margin: 0px 4px;\"><span style=\"font-size: 11pt; color: #000000;\">4.306,57<\/span><\/p><\/td><\/tr><tr><td style=\"padding: 0cm; width: 615px;\"><p class=\"Texto_Justificado\" style=\"font-size: 12pt; font-family: Calibri; text-align: justify; overflow-wrap: normal; margin: 8px;\"><span style=\"font-size: 12pt; color: #000000;\">a.7) Acima de R$ 10.000.000,01<\/span><\/p><\/td><td style=\"padding: 0cm; width: 63px;\"><p class=\"Tabela_Texto_Alinhado_Direita\" style=\"font-size: 11pt; font-family: Calibri; text-align: right; overflow-wrap: normal; margin: 0px 4px;\"><span style=\"font-size: 11pt; color: #000000;\">5.956,88<\/span><\/p><\/td><\/tr><tr><td style=\"padding: 0cm; width: 615px;\"><p style=\"text-indent: 0cm; margin: 0px;\" align=\"left\"><span style=\"font-size: 12pt; color: #000000;\"><span style=\"line-height: normal;\"><span style=\"font-family: Arial, sans-serif;\"><span style=\"font-size: 11pt;\"><span style=\"font-family: Calibri, sans-serif;\">b) Coniv\u00eancia com o exerc\u00edcio ilegal da Profiss\u00e3o de Administrador<\/span><\/span><\/span><\/span><\/span><\/p><\/td><td style=\"padding: 0cm; width: 63px;\"><p class=\"Tabela_Texto_Alinhado_Direita\" style=\"font-size: 11pt; font-family: Calibri; text-align: right; overflow-wrap: normal; margin: 0px 4px;\"><span style=\"font-size: 11pt; color: #000000;\">4.972,55<\/span><\/p><\/td><\/tr><tr><td style=\"padding: 0cm; width: 615px;\"><p style=\"text-indent: 0cm; margin: 0px;\" align=\"left\"><span style=\"font-size: 12pt; color: #000000;\"><span style=\"line-height: normal;\"><span style=\"font-family: Arial, sans-serif;\"><span style=\"font-size: 11pt;\"><span style=\"font-family: Calibri, sans-serif;\">c) Falta do Administrador Respons\u00e1vel T\u00e9cnico<\/span><\/span><\/span><\/span><\/span><\/p><\/td><td style=\"padding: 0cm; width: 63px;\"><p class=\"Tabela_Texto_Alinhado_Direita\" style=\"font-size: 11pt; font-family: Calibri; text-align: right; overflow-wrap: normal; margin: 0px 4px;\"><span style=\"font-size: 11pt; color: #000000;\">2.976,14<\/span><\/p><\/td><\/tr><tr><td style=\"padding: 0cm; width: 678px;\" colspan=\"2\"><p class=\"Texto_Justificado\" style=\"font-size: 12pt; font-family: Calibri; text-align: justify; overflow-wrap: normal; margin: 8px;\"><span style=\"font-size: 12pt; color: #000000;\">d) Pela falta de pagamento da anuidade do CRA, de acordo com as seguintes classes de Capital Social<\/span><\/p><\/td><\/tr><tr><td style=\"padding: 0cm; width: 615px;\"><p class=\"Tabela_Texto_Alinhado_Esquerda\" style=\"font-size: 11pt; font-family: Calibri; overflow-wrap: normal; margin: 0px 4px;\"><span style=\"font-size: 11pt; color: #000000;\">d.1) At\u00e9 R$ 50.000,00<\/span><\/p><\/td><td style=\"padding: 0cm; width: 63px;\"><p class=\"Tabela_Texto_Alinhado_Direita\" style=\"font-size: 11pt; font-family: Calibri; text-align: right; overflow-wrap: normal; margin: 0px 4px;\"><span style=\"font-size: 11pt; color: #000000;\">851,41<\/span><\/p><\/td><\/tr><tr><td style=\"padding: 0cm; width: 615px;\"><p class=\"Tabela_Texto_Alinhado_Esquerda\" style=\"font-size: 11pt; font-family: Calibri; overflow-wrap: normal; margin: 0px 4px;\"><span style=\"font-size: 11pt; color: #000000;\">d.2) De R$ 50.000,01 a R$ 200.000,00<\/span><\/p><\/td><td style=\"padding: 0cm; width: 63px;\"><p class=\"Tabela_Texto_Alinhado_Direita\" style=\"font-size: 11pt; font-family: Calibri; text-align: right; overflow-wrap: normal; margin: 0px 4px;\"><span style=\"font-size: 11pt; color: #000000;\">1.175,90<\/span><\/p><\/td><\/tr><tr><td style=\"padding: 0cm; width: 615px;\"><p class=\"Tabela_Texto_Alinhado_Esquerda\" style=\"font-size: 11pt; font-family: Calibri; overflow-wrap: normal; margin: 0px 4px;\"><span style=\"font-size: 11pt; color: #000000;\">d.3) De R$ 200.000,01 a R$ 500.000,00<\/span><\/p><\/td><td style=\"padding: 0cm; width: 63px;\"><p class=\"Tabela_Texto_Alinhado_Direita\" style=\"font-size: 11pt; font-family: Calibri; text-align: right; overflow-wrap: normal; margin: 0px 4px;\"><span style=\"font-size: 11pt; color: #000000;\">1.625,58<\/span><\/p><\/td><\/tr><tr><td style=\"padding: 0cm; width: 615px;\"><p class=\"Tabela_Texto_Alinhado_Esquerda\" style=\"font-size: 11pt; font-family: Calibri; overflow-wrap: normal; margin: 0px 4px;\"><span style=\"font-size: 11pt; color: #000000;\">d.4) De 500.000,01 a R$ 1.000.000,00<\/span><\/p><\/td><td style=\"padding: 0cm; width: 63px;\"><p class=\"Tabela_Texto_Alinhado_Direita\" style=\"font-size: 11pt; font-family: Calibri; text-align: right; overflow-wrap: normal; margin: 0px 4px;\"><span style=\"font-size: 11pt; color: #000000;\">2.252,95<\/span><\/p><\/td><\/tr><tr><td style=\"padding: 0cm; width: 615px;\"><p class=\"Tabela_Texto_Alinhado_Esquerda\" style=\"font-size: 11pt; font-family: Calibri; overflow-wrap: normal; margin: 0px 4px;\"><span style=\"font-size: 11pt; color: #000000;\">d.5) De R$ 1.000.000,01 a R$ 2.000.000,00<\/span><\/p><\/td><td style=\"padding: 0cm; width: 63px;\"><p class=\"Tabela_Texto_Alinhado_Direita\" style=\"font-size: 11pt; font-family: Calibri; text-align: right; overflow-wrap: normal; margin: 0px 4px;\"><span style=\"font-size: 11pt; color: #000000;\">3.113,65<\/span><\/p><\/td><\/tr><tr><td style=\"padding: 0cm; width: 615px;\"><p class=\"Tabela_Texto_Alinhado_Esquerda\" style=\"font-size: 11pt; font-family: Calibri; overflow-wrap: normal; margin: 0px 4px;\"><span style=\"font-size: 11pt; color: #000000;\">d.6) De R$ 2.000.000,01 a R$ 10.000.000,00<\/span><\/p><\/td><td style=\"padding: 0cm; width: 63px;\"><p class=\"Tabela_Texto_Alinhado_Direita\" style=\"font-size: 11pt; font-family: Calibri; text-align: right; overflow-wrap: normal; margin: 0px 4px;\"><span style=\"font-size: 11pt; color: #000000;\">4.306,57<\/span><\/p><\/td><\/tr><tr><td style=\"padding: 0cm; width: 615px;\"><p class=\"Tabela_Texto_Alinhado_Esquerda\" style=\"font-size: 11pt; font-family: Calibri; overflow-wrap: normal; margin: 0px 4px;\"><span style=\"font-size: 11pt; color: #000000;\">d.7) Acima de R$ 10.000.000,01<\/span><\/p><\/td><td style=\"padding: 0cm; width: 63px;\"><p class=\"Tabela_Texto_Alinhado_Direita\" style=\"font-size: 11pt; font-family: Calibri; text-align: right; overflow-wrap: normal; margin: 0px 4px;\"><span style=\"font-size: 11pt; color: #000000;\">5.956,88<\/span><\/p><\/td><\/tr><tr><td style=\"padding: 0cm; width: 615px;\"><p class=\"Tabela_Texto_Alinhado_Esquerda\" style=\"font-size: 11pt; font-family: Calibri; overflow-wrap: normal; margin: 0px 4px;\"><span style=\"font-size: 11pt; color: #000000;\">e) Sonega\u00e7\u00e3o de informa\u00e7\u00f5es\/documentos\u2013Embara\u00e7o \u00e0 Fiscaliza\u00e7\u00e3o<\/span><\/p><\/td><td style=\"padding: 0cm; width: 63px;\"><p class=\"Tabela_Texto_Alinhado_Direita\" style=\"font-size: 11pt; font-family: Calibri; text-align: right; overflow-wrap: normal; margin: 0px 4px;\"><span style=\"font-size: 11pt; color: #000000;\">4.972,55<\/span><\/p><\/td><\/tr><\/tbody><\/table><p style=\"font-family: 'Times New Roman'; font-size: medium; text-indent: 0cm; margin: 0px;\" align=\"left\">\u00a0<\/p><\/td><td>\u00a0<\/td><\/tr><tr><td colspan=\"2\">\u00a0<\/td><\/tr><tr><td>\u00a0<\/td><td style=\"text-align: center;\">\u00a0<\/td><\/tr><tr><td>\u00a0<\/td><td style=\"text-align: center;\">\u00a0<\/td><\/tr><tr><td>\u00a0<\/td><td style=\"text-align: center;\">\u00a0<\/td><\/tr><\/tbody><\/table><table border=\"1\"><tbody><tr><td>\u00a0<\/td><td colspan=\"2\">\u00a0<\/td><\/tr><tr><td>\u00a0<\/td><td style=\"text-align: center;\" colspan=\"2\">\u00a0<\/td><\/tr><tr><td>\u00a0<\/td><td style=\"text-align: center;\" colspan=\"2\">\u00a0<\/td><\/tr><tr><td>\u00a0<\/td><td style=\"text-align: center;\" colspan=\"2\">\u00a0<\/td><\/tr><tr><td colspan=\"3\">\u00a0<\/td><\/tr><tr><td colspan=\"2\">\u00a0<\/td><td style=\"text-align: center;\">\u00a0<\/td><\/tr><tr><td colspan=\"2\">\u00a0<\/td><td style=\"text-align: center;\">\u00a0<\/td><\/tr><tr><td colspan=\"2\">\u00a0<\/td><td style=\"text-align: center;\">\u00a0<\/td><\/tr><tr><td colspan=\"2\">\u00a0<\/td><td style=\"text-align: center;\">\u00a0<\/td><\/tr><tr><td colspan=\"2\">\u00a0<\/td><td style=\"text-align: center;\">\u00a0<\/td><\/tr><tr><td colspan=\"2\">\u00a0<\/td><td style=\"text-align: center;\">\u00a0<\/td><\/tr><tr><td colspan=\"2\">\u00a0<\/td><td style=\"text-align: center;\">\u00a0<\/td><\/tr><tr><td colspan=\"2\">\u00a0<\/td><td style=\"text-align: center;\">\u00a0<\/td><\/tr><\/tbody><\/table><p style=\"color: #777777; line-height: 24px;\" align=\"center\"><span style=\"font-size: large; color: #000000;\"><strong>\u00a0<\/strong><\/span><\/p><p style=\"color: #777777; line-height: 24px; font-family: 'Open Sans', Arial, sans-serif; font-size: 14px; font-style: normal; font-variant-ligatures: normal; font-variant-caps: normal; font-weight: 400;\">\u00a0<\/p>\t\t\t\t\t<\/div>\n\t\t\t\t\t\t<\/div>\n\t\t\t\t<\/div>\n\t\t\t\t\t\t<\/div>\n\t\t\t\t\t<\/div>\n\t\t<\/div>\n\t\t\t\t\t\t\t\t<\/div>\n\t\t\t\t\t<\/div>\n\t\t<\/section>\n\t\t\t\t\t\t\t\t\t<\/div>\n\t\t\t<\/div>\n\t\t\t\t\t<\/div>\n\t\t","protected":false},"excerpt":{"rendered":"<p>VALORES DE MULTAS RESOLU\u00c7\u00c3O NORMATIVA CFA N\u00ba 677\/2025. Disp\u00f5e sobre os valores das anuidades, taxas e multas devidas aos Conselhos Regionais de Administra\u00e7\u00e3o e d\u00e1 outras provid\u00eancias. Multas: Multas R$ [&hellip;]<\/p>\n","protected":false},"author":25,"featured_media":0,"parent":0,"menu_order":0,"comment_status":"closed","ping_status":"closed","template":"","meta":{"footnotes":"","_links_to":"","_links_to_target":""},"class_list":["post-62427","page","type-page","status-publish","hentry","entry"],"_links":{"self":[{"href":"https:\/\/crapa.org.br\/index.php?rest_route=\/wp\/v2\/pages\/62427","targetHints":{"allow":["GET"]}}],"collection":[{"href":"https:\/\/crapa.org.br\/index.php?rest_route=\/wp\/v2\/pages"}],"about":[{"href":"https:\/\/crapa.org.br\/index.php?rest_route=\/wp\/v2\/types\/page"}],"author":[{"embeddable":true,"href":"https:\/\/crapa.org.br\/index.php?rest_route=\/wp\/v2\/users\/25"}],"replies":[{"embeddable":true,"href":"https:\/\/crapa.org.br\/index.php?rest_route=%2Fwp%2Fv2%2Fcomments&post=62427"}],"version-history":[{"count":6,"href":"https:\/\/crapa.org.br\/index.php?rest_route=\/wp\/v2\/pages\/62427\/revisions"}],"predecessor-version":[{"id":69540,"href":"https:\/\/crapa.org.br\/index.php?rest_route=\/wp\/v2\/pages\/62427\/revisions\/69540"}],"wp:attachment":[{"href":"https:\/\/crapa.org.br\/index.php?rest_route=%2Fwp%2Fv2%2Fmedia&parent=62427"}],"curies":[{"name":"wp","href":"https:\/\/api.w.org\/{rel}","templated":true}]}}