{"id":62492,"date":"2019-04-10T14:51:32","date_gmt":"2019-04-10T17:51:32","guid":{"rendered":"https:\/\/crapa.org.br\/page_id=62492"},"modified":"2026-02-13T10:33:25","modified_gmt":"2026-02-13T13:33:25","slug":"fale-com-o-presidente","status":"publish","type":"page","link":"https:\/\/crapa.org.br\/?page_id=62492","title":{"rendered":"Fale com o presidente"},"content":{"rendered":"\t\t<div data-elementor-type=\"wp-post\" data-elementor-id=\"62492\" class=\"elementor elementor-62492\">\n\t\t\t\t\t\t<div class=\"elementor-inner\">\n\t\t\t\t<div class=\"elementor-section-wrap\">\n\t\t\t\t\t\t\t\t\t<section class=\"elementor-section elementor-top-section elementor-element elementor-element-ce56ff2 elementor-section-boxed elementor-section-height-default elementor-section-height-default\" data-id=\"ce56ff2\" data-element_type=\"section\">\n\t\t\t\t\t\t<div class=\"elementor-container elementor-column-gap-default\">\n\t\t\t\t\t\t\t<div class=\"elementor-row\">\n\t\t\t\t\t<div class=\"elementor-column elementor-col-100 elementor-top-column elementor-element elementor-element-7b7321c\" data-id=\"7b7321c\" data-element_type=\"column\">\n\t\t\t<div class=\"elementor-column-wrap elementor-element-populated\">\n\t\t\t\t\t\t\t<div class=\"elementor-widget-wrap\">\n\t\t\t\t\t\t<div class=\"elementor-element elementor-element-4112847 elementor-widget elementor-widget-heading\" data-id=\"4112847\" data-element_type=\"widget\" data-widget_type=\"heading.default\">\n\t\t\t\t<div class=\"elementor-widget-container\">\n\t\t\t<h2 class=\"elementor-heading-title elementor-size-default\">FALE COM O PRESIDENTE<\/h2>\t\t<\/div>\n\t\t\t\t<\/div>\n\t\t\t\t<div class=\"elementor-element elementor-element-9cc664d elementor-widget elementor-widget-image\" data-id=\"9cc664d\" data-element_type=\"widget\" data-widget_type=\"image.default\">\n\t\t\t\t<div class=\"elementor-widget-container\">\n\t\t\t\t\t\t\t\t<div class=\"elementor-image\">\n\t\t\t\t\t\t\t\t\t\t\t\t<img decoding=\"async\" width=\"281\" height=\"300\" src=\"https:\/\/crapa.org.br\/wp-content\/uploads\/2026\/02\/Foto-presidente-site-281x300.jpg\" class=\"attachment-medium size-medium\" alt=\"\" srcset=\"https:\/\/crapa.org.br\/wp-content\/uploads\/2026\/02\/Foto-presidente-site-281x300.jpg 281w, https:\/\/crapa.org.br\/wp-content\/uploads\/2026\/02\/Foto-presidente-site.jpg 636w\" sizes=\"(max-width: 281px) 100vw, 281px\" \/>\t\t\t\t\t\t\t\t\t\t\t\t\t\t<\/div>\n\t\t\t\t\t\t<\/div>\n\t\t\t\t<\/div>\n\t\t\t\t<div class=\"elementor-element elementor-element-b5be840 elementor-widget elementor-widget-text-editor\" data-id=\"b5be840\" data-element_type=\"widget\" data-widget_type=\"text-editor.default\">\n\t\t\t\t<div class=\"elementor-widget-container\">\n\t\t\t\t\t\t\t\t<div class=\"elementor-text-editor elementor-clearfix\">\n\t\t\t\t<p style=\"color: #777777; line-height: 24px; font-family: 'Open Sans', Arial, sans-serif; font-size: 14px; font-style: normal; font-variant-ligatures: normal; font-variant-caps: normal; font-weight: 400;\"><strong><span style=\"font-family: arial, helvetica, sans-serif; color: #000000;\"><span style=\"font-size: 12pt;\">Canal<\/span><span style=\"font-size: 12pt;\"> Direto com o Presidente do CRA-PA, Adm. F\u00e1bio L\u00facio Costa, criado para encurtar o relacionamento com os registrados e a sociedade.<\/span><\/span><\/strong><\/p><div data-id=\"bf265b1\" data-element_type=\"widget\" data-widget_type=\"text-editor.default\"><div><div><p><span style=\"color: #000000; font-family: arial, helvetica, sans-serif; font-size: 12pt;\">Com intuito de aproximar os profissionais do Conselho, o CRA-PA lan\u00e7a um canal direto para falar presencialmente com seu presidente. Por meio de agendamento, pessoas f\u00edsicas e representantes legais de pessoas jur\u00eddicas poder\u00e3o marcar um encontro na sede do Conselho para discutir temas em prol da Administra\u00e7\u00e3o.<\/span><\/p><p><span style=\"color: #000000; font-family: arial, helvetica, sans-serif; font-size: 12pt;\">Tamb\u00e9m ser\u00e3o realizados atendimentos por ordem de chegada, mas com prefer\u00eancia para os agendamentos. Institui\u00e7\u00f5es e empresas privadas tamb\u00e9m podem agendar reuni\u00f5es para firmar parcerias e conv\u00eanios com o Conselho. O endere\u00e7o do CRA-PA \u00e9 Tv. Quintino Bocai\u00fava, n\u00ba 2301, Sala 2303, Ed. Rog\u00e9lio Fernandez Business Center &#8211; Bairro Crema\u00e7\u00e3o, Bel\u00e9m &#8211; PA, CEP 66045-315.<\/span><\/p><p><span style=\"color: #000000; font-family: arial, helvetica, sans-serif; font-size: 12pt;\">O agendamento deve ser solicitado pelo e-mail asp@crapa.org.br\/presidencia@crapa.org.br ou pelos telefones (91) 3122-9036\/98896-1347. Caso desejem, ainda podem entrar em contato conosco pelo whatsapp ou redes sociais.<\/span><\/p><p><span style=\"color: #000000; font-family: arial, helvetica, sans-serif; font-size: 12pt;\">O hor\u00e1rio de atendimento ao p\u00fablico do Conselho Regional de Administra\u00e7\u00e3o do Par\u00e1 compreende em dias \u00fateis das 08h:30min \u00e0s 17h:30min.<\/span><\/p><p><span style=\"color: #000000; font-family: arial, helvetica, sans-serif; font-size: 12pt;\">O CRA-PA est\u00e1 de portas abertas para sua contribui\u00e7\u00e3o. Vamos juntos fortalecer a nossa profiss\u00e3o!<\/span><\/p><\/div><\/div><\/div><div style=\"margin-right: -15px; margin-left: -15px; color: #777777; font-family: 'Open Sans', Arial, sans-serif; font-size: 14px; font-style: normal; font-variant-ligatures: normal; font-variant-caps: normal; font-weight: 400; margin-top: 40px;\"><h3>\u00a0<\/h3><\/div>\t\t\t\t\t<\/div>\n\t\t\t\t\t\t<\/div>\n\t\t\t\t<\/div>\n\t\t\t\t\t\t<\/div>\n\t\t\t\t\t<\/div>\n\t\t<\/div>\n\t\t\t\t\t\t\t\t<\/div>\n\t\t\t\t\t<\/div>\n\t\t<\/section>\n\t\t\t\t\t\t\t\t\t<\/div>\n\t\t\t<\/div>\n\t\t\t\t\t<\/div>\n\t\t","protected":false},"excerpt":{"rendered":"<p>FALE COM O PRESIDENTE Canal Direto com o Presidente do CRA-PA, Adm. F\u00e1bio L\u00facio Costa, criado para encurtar o relacionamento com os registrados e a sociedade. Com intuito de aproximar [&hellip;]<\/p>\n","protected":false},"author":25,"featured_media":0,"parent":0,"menu_order":0,"comment_status":"closed","ping_status":"closed","template":"","meta":{"footnotes":"","_links_to":"","_links_to_target":""},"class_list":["post-62492","page","type-page","status-publish","hentry","entry"],"_links":{"self":[{"href":"https:\/\/crapa.org.br\/index.php?rest_route=\/wp\/v2\/pages\/62492","targetHints":{"allow":["GET"]}}],"collection":[{"href":"https:\/\/crapa.org.br\/index.php?rest_route=\/wp\/v2\/pages"}],"about":[{"href":"https:\/\/crapa.org.br\/index.php?rest_route=\/wp\/v2\/types\/page"}],"author":[{"embeddable":true,"href":"https:\/\/crapa.org.br\/index.php?rest_route=\/wp\/v2\/users\/25"}],"replies":[{"embeddable":true,"href":"https:\/\/crapa.org.br\/index.php?rest_route=%2Fwp%2Fv2%2Fcomments&post=62492"}],"version-history":[{"count":7,"href":"https:\/\/crapa.org.br\/index.php?rest_route=\/wp\/v2\/pages\/62492\/revisions"}],"predecessor-version":[{"id":69668,"href":"https:\/\/crapa.org.br\/index.php?rest_route=\/wp\/v2\/pages\/62492\/revisions\/69668"}],"wp:attachment":[{"href":"https:\/\/crapa.org.br\/index.php?rest_route=%2Fwp%2Fv2%2Fmedia&parent=62492"}],"curies":[{"name":"wp","href":"https:\/\/api.w.org\/{rel}","templated":true}]}}